{"id":11714,"date":"2015-10-25T16:43:42","date_gmt":"2015-10-25T13:43:42","guid":{"rendered":"http:\/\/www.demirdagtekstil.com\/?page_id=11714"},"modified":"2016-01-17T23:54:24","modified_gmt":"2016-01-17T21:54:24","slug":"iletisim","status":"publish","type":"page","link":"http:\/\/www.demirdagtekstil.com\/index.php\/iletisim\/","title":{"rendered":"ileti\u015fim"},"content":{"rendered":"<div class=\"fusion-three-fifth fusion-layout-column fusion-spacing-yes\" style=\"margin-top:0px;margin-bottom:20px;\"><div class=\"fusion-column-wrapper\"><p><iframe src=\"https:\/\/www.google.com\/maps\/embed?pb=!1m18!1m12!1m3!1d1265.585135245854!2d28.844819172664952!3d41.02338107962361!2m3!1f0!2f0!3f0!3m2!1i1024!2i768!4f13.1!3m3!1m2!1s0x14caa4daf99068ff%3A0x77c3edc2d8dc6aca!2zMS8xRyBTay4gTm86MTAsIEthesSxbWthcmFiZWtpciwgMzQyMDMgQmHEn2PEsWxhci_EsHN0YW5idWwsIFTDvHJraXll!5e0!3m2!1str!2s!4v1453067624978\" width=\"600\" height=\"450\" frameborder=\"0\" style=\"border:0\" allowfullscreen><\/iframe><\/p>\n<\/div><\/div><div class=\"fusion-two-fifth fusion-layout-column fusion-column-last fusion-spacing-yes\" style=\"margin-top:0px;margin-bottom:20px;\"><div class=\"fusion-column-wrapper\"><p><strong>Tel:\u00a00212 657 61 69<\/strong><\/p>\n<p><strong>Fax:\u00a00212 657 61 69<\/strong><\/p>\n<p><strong>Cep:\u00a00535 795 36 07<\/strong><\/p>\n<p><strong>Mail:demirdagtekstil@gmail.com<\/strong><\/p>\n<p><strong>Kaz\u0131m Karabekir Mah. 1-1G Sok No:10 Ba\u011fc\u0131lar \/\u0130stanbul<\/strong><\/p>\n<\/div><\/div><div class=\"fusion-clearfix\"><\/div>\n","protected":false},"excerpt":{"rendered":"","protected":false},"author":1,"featured_media":0,"parent":0,"menu_order":0,"comment_status":"closed","ping_status":"closed","template":"","meta":[],"_links":{"self":[{"href":"http:\/\/www.demirdagtekstil.com\/index.php\/wp-json\/wp\/v2\/pages\/11714"}],"collection":[{"href":"http:\/\/www.demirdagtekstil.com\/index.php\/wp-json\/wp\/v2\/pages"}],"about":[{"href":"http:\/\/www.demirdagtekstil.com\/index.php\/wp-json\/wp\/v2\/types\/page"}],"author":[{"embeddable":true,"href":"http:\/\/www.demirdagtekstil.com\/index.php\/wp-json\/wp\/v2\/users\/1"}],"replies":[{"embeddable":true,"href":"http:\/\/www.demirdagtekstil.com\/index.php\/wp-json\/wp\/v2\/comments?post=11714"}],"version-history":[{"count":11,"href":"http:\/\/www.demirdagtekstil.com\/index.php\/wp-json\/wp\/v2\/pages\/11714\/revisions"}],"predecessor-version":[{"id":11812,"href":"http:\/\/www.demirdagtekstil.com\/index.php\/wp-json\/wp\/v2\/pages\/11714\/revisions\/11812"}],"wp:attachment":[{"href":"http:\/\/www.demirdagtekstil.com\/index.php\/wp-json\/wp\/v2\/media?parent=11714"}],"curies":[{"name":"wp","href":"https:\/\/api.w.org\/{rel}","templated":true}]}}