{"id":11710,"date":"2015-10-25T16:43:00","date_gmt":"2015-10-25T13:43:00","guid":{"rendered":"http:\/\/www.demirdagtekstil.com\/?page_id=11710"},"modified":"2016-01-18T00:16:59","modified_gmt":"2016-01-17T22:16:59","slug":"hakkimizda","status":"publish","type":"page","link":"http:\/\/www.demirdagtekstil.com\/index.php\/hakkimizda\/","title":{"rendered":"Hakk\u0131m\u0131zda"},"content":{"rendered":"<div class=\"fusion-one-half fusion-layout-column fusion-spacing-yes\" style=\"margin-top:0px;margin-bottom:20px;\"><div class=\"fusion-column-wrapper\"><div class=\"fusion-image-carousel fusion-image-carousel-auto lightbox-enabled fusion-carousel-border\"><div class=\"fusion-carousel\" data-autoplay=\"yes\" data-columns=\"1\" data-itemmargin=\"13\" data-itemwidth=\"180\" data-touchscroll=\"no\" data-imagesize=\"auto\"><div class=\"fusion-carousel-positioner\"><ul class=\"fusion-carousel-holder\"><li class=\"fusion-carousel-item\"><div class=\"fusion-carousel-item-wrapper\"><div class=\"fusion-image-wrapper hover-type-none\"><a data-rel=\"iLightbox[gallery_image_1]\" data-title=\"IMG_2806\" href=\"http:\/\/www.demirdagtekstil.com\/wp-content\/uploads\/2015\/10\/IMG_2806.jpg\" target=\"_self\"><img src=\"http:\/\/www.demirdagtekstil.com\/wp-content\/uploads\/2015\/10\/IMG_2806.jpg\" alt=\"\" \/><\/a><\/div><\/div><\/li><li class=\"fusion-carousel-item\"><div class=\"fusion-carousel-item-wrapper\"><div class=\"fusion-image-wrapper hover-type-none\"><a data-rel=\"iLightbox[gallery_image_1]\" data-title=\"IMG_2762\" href=\"http:\/\/www.demirdagtekstil.com\/wp-content\/uploads\/2015\/10\/IMG_2762.jpg\" target=\"_self\"><img src=\"http:\/\/www.demirdagtekstil.com\/wp-content\/uploads\/2015\/10\/IMG_2762.jpg\" alt=\"\" \/><\/a><\/div><\/div><\/li><li class=\"fusion-carousel-item\"><div class=\"fusion-carousel-item-wrapper\"><div class=\"fusion-image-wrapper hover-type-none\"><a data-rel=\"iLightbox[gallery_image_1]\" data-title=\"IMG_2767\" href=\"http:\/\/www.demirdagtekstil.com\/wp-content\/uploads\/2015\/10\/IMG_2767.jpg\" target=\"_self\"><img src=\"http:\/\/www.demirdagtekstil.com\/wp-content\/uploads\/2015\/10\/IMG_2767.jpg\" alt=\"\" \/><\/a><\/div><\/div><\/li><\/ul><div class=\"fusion-carousel-nav\"><span class=\"fusion-nav-prev\"><\/span><span class=\"fusion-nav-next\"><\/span><\/div><\/div><\/div><\/div><\/div><\/div><div class=\"fusion-one-half fusion-layout-column fusion-column-last fusion-spacing-yes\" style=\"margin-top:0px;margin-bottom:20px;\"><div class=\"fusion-column-wrapper\"><h2 style=\"text-align: justify;\"><span style=\"color: #000000;\">2010 y\u0131l\u0131ndan beri tekstil piyasas\u0131nda faaliyet g\u00f6steren firmam\u0131z do\u011fru \u00fcr\u00fcn\u00fc, do\u011fru zaman ve do\u011fru fiyatla sunan, her t\u00fcrl\u00fc spandex iplik ,teksturize polyster iplik ve gipe iplik toptan sat\u0131\u015f\u0131nda,\u00a0m\u00fc\u015fteri beklentilerine esnek, h\u0131zl\u0131 ve ihtiyaca uygun cevap vererek m\u00fc\u015fteri memnuniyetinin s\u00fcreklili\u011fini sa\u011flamak\u00a0ko\u015fulu ile hizmet vermektedir.<\/span><\/h2>\n<\/div><\/div><div class=\"fusion-clearfix\"><\/div>\n","protected":false},"excerpt":{"rendered":"","protected":false},"author":1,"featured_media":0,"parent":0,"menu_order":0,"comment_status":"closed","ping_status":"closed","template":"","meta":[],"_links":{"self":[{"href":"http:\/\/www.demirdagtekstil.com\/index.php\/wp-json\/wp\/v2\/pages\/11710"}],"collection":[{"href":"http:\/\/www.demirdagtekstil.com\/index.php\/wp-json\/wp\/v2\/pages"}],"about":[{"href":"http:\/\/www.demirdagtekstil.com\/index.php\/wp-json\/wp\/v2\/types\/page"}],"author":[{"embeddable":true,"href":"http:\/\/www.demirdagtekstil.com\/index.php\/wp-json\/wp\/v2\/users\/1"}],"replies":[{"embeddable":true,"href":"http:\/\/www.demirdagtekstil.com\/index.php\/wp-json\/wp\/v2\/comments?post=11710"}],"version-history":[{"count":8,"href":"http:\/\/www.demirdagtekstil.com\/index.php\/wp-json\/wp\/v2\/pages\/11710\/revisions"}],"predecessor-version":[{"id":11815,"href":"http:\/\/www.demirdagtekstil.com\/index.php\/wp-json\/wp\/v2\/pages\/11710\/revisions\/11815"}],"wp:attachment":[{"href":"http:\/\/www.demirdagtekstil.com\/index.php\/wp-json\/wp\/v2\/media?parent=11710"}],"curies":[{"name":"wp","href":"https:\/\/api.w.org\/{rel}","templated":true}]}}